{"id":916,"date":"2023-07-05T08:25:25","date_gmt":"2023-07-05T08:25:25","guid":{"rendered":"https:\/\/ohanaluxuryvacation.com\/cookies-policy\/"},"modified":"2023-10-05T15:45:08","modified_gmt":"2023-10-05T15:45:08","slug":"politica-de-cookies","status":"publish","type":"page","link":"https:\/\/ohanaluxuryvacation.com\/es\/politica-de-cookies\/","title":{"rendered":"Pol\u00edtica de Cookies"},"content":{"rendered":"<div class=\"fusion-fullwidth fullwidth-box fusion-builder-row-1 fusion-flex-container nonhundred-percent-fullwidth non-hundred-percent-height-scrolling\" style=\"--awb-border-radius-top-left:0px;--awb-border-radius-top-right:0px;--awb-border-radius-bottom-right:0px;--awb-border-radius-bottom-left:0px;\" ><div class=\"fusion-builder-row fusion-row fusion-flex-align-items-flex-start\" style=\"max-width:1248px;margin-left: calc(-4% \/ 2 );margin-right: calc(-4% \/ 2 );\"><div class=\"fusion-layout-column fusion_builder_column fusion-builder-column-0 fusion_builder_column_1_1 1_1 fusion-flex-column\" style=\"--awb-bg-blend:overlay;--awb-bg-size:cover;--awb-width-large:100%;--awb-margin-top-large:0px;--awb-spacing-right-large:1.92%;--awb-margin-bottom-large:0px;--awb-spacing-left-large:1.92%;--awb-width-medium:100%;--awb-spacing-right-medium:1.92%;--awb-spacing-left-medium:1.92%;--awb-width-small:100%;--awb-spacing-right-small:1.92%;--awb-spacing-left-small:1.92%;\"><div class=\"fusion-column-wrapper fusion-flex-justify-content-flex-start fusion-content-layout-column\"><div class=\"fusion-title title fusion-title-1 fusion-no-medium-visibility fusion-no-large-visibility fusion-sep-none fusion-title-text fusion-title-size-one\" style=\"--awb-text-color:var(--awb-color5);--awb-margin-bottom:40px;--awb-margin-bottom-small:40px;--awb-font-size:50px;\"><h1 class=\"title-heading-left\" style=\"margin:0;font-size:1em;line-height:1;\">Pol\u00edtica de Cookies<\/h1><\/div><div class=\"fusion-title title fusion-title-2 fusion-no-small-visibility fusion-sep-none fusion-title-text fusion-title-size-one\" style=\"--awb-text-color:var(--awb-color5);--awb-margin-bottom:40px;--awb-margin-bottom-small:40px;\"><h1 class=\"title-heading-left\" style=\"margin:0;line-height:1;\">Pol\u00edtica de Cookies<\/h1><\/div><div class=\"fusion-text fusion-text-1\"><p>En este sitio web se utilizan cookies propias y de terceros para que tengas una mejor experiencia de navegaci\u00f3n, puedas compartir contenidos en las redes sociales y para que podamos obtener estad\u00edsticas de los usuarios.<\/p>\n<p>Puede impedir la descarga de cookies a trav\u00e9s de la configuraci\u00f3n de su navegador, impidiendo que se almacenen cookies en su dispositivo.<\/p>\n<p>Como titular de esta web, te informo que no utilizamos ning\u00fan dato personal procedente de las cookies, \u00fanicamente realizamos estad\u00edsticas generales de visitas que no implican ning\u00fan dato personal.<\/p>\n<p>Es muy importante que lea esta pol\u00edtica de cookies y comprenda que si contin\u00faa navegando, consideraremos que acepta su uso.<\/p>\n<p>Seg\u00fan los t\u00e9rminos incluidos en el art\u00edculo 22.2 de la Ley 34\/2002 de Servicios de la Sociedad de la Informaci\u00f3n y de Comercio Electr\u00f3nico, si contin\u00faas navegando, estar\u00e1s prestando tu consentimiento para la utilizaci\u00f3n de los citados mecanismos.<\/p>\n<h3 class=\"fusion-responsive-typography-calculated\" style=\"--fontsize: 36; line-height: 1.2;\" data-fontsize=\"36\" data-lineheight=\"43.2px\">Entidad Responsable<\/h3>\n<p class=\"ng-binding\">El responsable de la recogida, tratamiento y uso de sus datos personales, en el sentido que establece la Ley de Protecci\u00f3n de Datos de Car\u00e1cter Personal, es la p\u00e1gina Ohana Luxury Vacation, titularidad de Estefan\u00eda Baro Moreno \u2013 Calle de Dinamarca 17, Benalm\u00e1dena.<\/p>\n<h3 class=\"fusion-responsive-typography-calculated\" style=\"--fontsize: 36; line-height: 1.2;\" data-fontsize=\"36\" data-lineheight=\"43.2px\">\u00bfQu\u00e9 son las cookies?<\/h3>\n<p>Las cookies son un conjunto de datos que un servidor deposita en el navegador del usuario para recopilar informaci\u00f3n est\u00e1ndar de registro en Internet e informaci\u00f3n sobre el comportamiento de los visitantes de un sitio web. Es decir, son peque\u00f1os archivos de texto que se almacenan en el disco duro del ordenador y que sirven para identificar al usuario cuando se conecta de nuevo al sitio web. Su finalidad es registrar la visita del usuario y almacenar determinada informaci\u00f3n. Su uso es com\u00fan y frecuente en la web ya que permite que las p\u00e1ginas funcionen de manera m\u00e1s eficiente y lograr una mayor personalizaci\u00f3n y an\u00e1lisis del comportamiento de los usuarios.<\/p>\n<h3 class=\"fusion-responsive-typography-calculated\" style=\"--fontsize: 36; line-height: 1.2;\" data-fontsize=\"36\" data-lineheight=\"43.2px\">\u00bfQu\u00e9 tipos de cookies existen?<\/h3>\n<p>Las cookies utilizadas en nuestro sitio web son de sesi\u00f3n y de terceros, y nos permiten almacenar y acceder a informaci\u00f3n relacionada con el idioma, el tipo de navegador utilizado y otras caracter\u00edsticas generales predefinidas por el usuario, as\u00ed como seguir y analizar la actividad. . que lleva a cabo, con el fin de introducir mejoras y prestar nuestros servicios de forma m\u00e1s eficaz y personalizada.<\/p>\n<p>Las cookies, en funci\u00f3n de su permanencia, se pueden dividir en cookies de sesi\u00f3n o permanentes. Las que caducan cuando el usuario cierra el navegador. Las que caducan en funci\u00f3n de cuando se cumpla el objetivo para el que sirven (por ejemplo, para que el usuario permanezca identificado en los servicios de Estefan\u00eda Baro Moreno) o cuando se borran manualmente.<\/p>\n<table border=\"0\" width=\"100%\" cellpadding=\"15\">\n<tbody>\n<tr>\n<td>Nombre<\/td>\n<td>Tipo<\/td>\n<td>Vencimiento<\/td>\n<td>Prop\u00f3sito<\/td>\n<td>Clase<\/td>\n<\/tr>\n<tr>\n<td>__utma<\/td>\n<td>From Third Parties (Google Analytics)<\/td>\n<td>2 a\u00f1os<\/td>\n<td>Se utiliza para distinguir usuarios y sesiones.<\/td>\n<td>No Exenta<\/td>\n<\/tr>\n<tr>\n<td>__utmb<\/td>\n<td>From Third Parties (Google Analytics)<\/td>\n<td>30 minutos<\/td>\n<td>Se utiliza para determinar nuevas sesiones o visitas<\/td>\n<td>No Exenta<\/td>\n<\/tr>\n<tr>\n<td>__utmc<\/td>\n<td>From Third Parties (Google Analytics)<\/td>\n<td>Al final de la sesi\u00f3n<\/td>\n<td>Configurado para su uso con Urchin<\/td>\n<td>No Exenta<\/td>\n<\/tr>\n<tr>\n<td>__utmz<\/td>\n<td>From Third Parties (Google Analytics)<\/td>\n<td>6 meses<\/td>\n<td>Almacena el origen o la campa\u00f1a que explica c\u00f3mo ha llegado el usuario a la p\u00e1gina web<\/td>\n<td>No Exenta<\/td>\n<\/tr>\n<\/tbody>\n<\/table>\n<p class=\"ng-binding\">\n<p class=\"ng-binding\">Adicionalmente, en funci\u00f3n de su finalidad, las cookies se pueden clasificar de la siguiente forma:<\/p>\n<h3 class=\"fusion-responsive-typography-calculated\" style=\"--fontsize: 36; line-height: 1.2;\" data-fontsize=\"36\" data-lineheight=\"43.2px\">Cookies de rendimiento<\/h3>\n<p>Este tipo de Cookie recuerda sus preferencias para las herramientas que se encuentran en los Servicios, por lo que no tiene que reconfigurar el Servicio cada vez que lo visita. A modo de ejemplo, esta tipolog\u00eda incluye: Ajustes de volumen para reproductores de v\u00eddeo o sonido. Velocidades de transmisi\u00f3n de video que son compatibles con su navegador. Art\u00edculos almacenados en el \u00abcarrito de compras\u00bb en servicios de comercio electr\u00f3nico como tiendas.<\/p>\n<h3 class=\"fusion-responsive-typography-calculated\" style=\"--fontsize: 36; line-height: 1.2;\" data-fontsize=\"36\" data-lineheight=\"43.2px\">Cookies de geolocalizaci\u00f3n<\/h3>\n<p>Estas cookies se utilizan para saber en qu\u00e9 pa\u00eds se encuentra cuando solicita un servicio. Esta cookie es completamente an\u00f3nima y solo se usa para ayudar a orientar el contenido a su ubicaci\u00f3n.<\/p>\n<h3 class=\"fusion-responsive-typography-calculated\" style=\"--fontsize: 36; line-height: 1.2;\" data-fontsize=\"36\" data-lineheight=\"43.2px\">Registrar cookies<\/h3>\n<p>Las cookies de registro se generan una vez que el usuario se ha registrado o posteriormente ha abierto su sesi\u00f3n, y se utilizan para identificarle en los servicios con los siguientes objetivos:<\/p>\n<p>Mantener al usuario identificado de forma que, si cierra un servicio, el navegador o el ordenador y en otro momento u otro d\u00eda vuelve a entrar en dicho servicio, seguir\u00e1 identificado, facilit\u00e1ndole la navegaci\u00f3n sin tener que volver a identificarse. Esta funcionalidad se puede suprimir si el usuario pulsa sobre la funcionalidad [cerrar sesi\u00f3n], de forma que esta cookie se elimina y la pr\u00f3xima vez que el usuario entre en el servicio, tendr\u00e1 que iniciar sesi\u00f3n para identificarse.<\/p>\n<p>Comprobar si el usuario est\u00e1 autorizado para acceder a determinados servicios, por ejemplo, para participar en un concurso.<\/p>\n<p>Adicionalmente, algunos servicios pueden utilizar conectores con redes sociales como Facebook o Twitter. Cuando el usuario se registra en un servicio con credenciales de una red social, autoriza a la red social a guardar una Cookie persistente que recuerda su identidad y le garantiza el acceso a los servicios hasta su expiraci\u00f3n. El usuario puede eliminar esta Cookie y revocar el acceso a los servicios a trav\u00e9s de las redes sociales actualizando sus preferencias en la red social espec\u00edfica.<\/p>\n<h3 class=\"fusion-responsive-typography-calculated\" style=\"--fontsize: 36; line-height: 1.2;\" data-fontsize=\"36\" data-lineheight=\"43.2px\">Cookies anal\u00edticas<\/h3>\n<p>Cada vez que un usuario visita un servicio, una herramienta de un tercero proveedor genera una cookie anal\u00edtica en el ordenador del usuario. Esta cookie, que s\u00f3lo se genera durante la visita, se utilizar\u00e1 en visitas posteriores a los servicios de Estefan\u00eda Baro Moreno para identificar de forma an\u00f3nima al visitante. Los principales objetivos que se persiguen son:<\/p>\n<p>Permitir la identificaci\u00f3n an\u00f3nima de los usuarios navegantes a trav\u00e9s de la cookie (identifica navegadores y dispositivos, no personas) y por tanto la contabilizaci\u00f3n aproximada del n\u00famero de visitantes y su tendencia en el tiempo.<\/p>\n<p>Identificar de forma an\u00f3nima los contenidos m\u00e1s visitados y por tanto m\u00e1s atractivos para los usuarios Saber si el usuario que est\u00e1 accediendo es nuevo o repite visita.<\/p>\n<p>Importante: Salvo que el usuario decida registrarse en un servicio de Estefan\u00eda Baro Moreno, la cookie nunca ir\u00e1 asociada a ning\u00fan dato de car\u00e1cter personal que pueda identificarle. Estas cookies solo se utilizar\u00e1n con fines estad\u00edsticos que ayuden a optimizar la experiencia del usuario en el sitio.<\/p>\n<h3 class=\"fusion-responsive-typography-calculated\" style=\"--fontsize: 36; line-height: 1.2;\" data-fontsize=\"36\" data-lineheight=\"43.2px\">Cookies publicitarias<\/h3>\n<p class=\"ng-binding\">Este tipo de cookies permiten ampliar la informaci\u00f3n de los anuncios mostrados a cada usuario an\u00f3nimo en los servicios de Estefan\u00eda Baro Moreno. Entre otros, se almacena la duraci\u00f3n o frecuencia de visualizaci\u00f3n de posiciones publicitarias, la interacci\u00f3n con las mismas, o los patrones de navegaci\u00f3n y\/o comportamientos de los usuarios, ya que ayudan a conformar un perfil de inter\u00e9s publicitario. De esta forma, permiten ofrecer publicidad relacionada con los intereses del usuario.<\/p>\n<h3 class=\"fusion-responsive-typography-calculated\" style=\"--fontsize: 36; line-height: 1.2;\" data-fontsize=\"36\" data-lineheight=\"43.2px\">Cookies publicitarias de terceros<\/h3>\n<p>Adem\u00e1s de la publicidad que gestionan los sitios web de Estefan\u00eda Baro Moreno en sus servicios, los sitios web de Estefan\u00eda Baro Moreno ofrecen a sus anunciantes la opci\u00f3n de servir anuncios a trav\u00e9s de terceros (\u201cAd-Servers\u201d). De esta forma, estos terceros pueden almacenar cookies enviadas desde los servicios de Estefan\u00eda Baro Moreno desde los navegadores de los usuarios, as\u00ed como acceder a los datos que en ellas se guardan.<\/p>\n<p>Las empresas que generan estas cookies tienen sus propias pol\u00edticas de privacidad. Actualmente, los sitios web de Estefan\u00eda Baro Moreno utilizan la plataforma Doubleclick (Google) para gestionar estos servicios. Para obtener m\u00e1s informaci\u00f3n, vaya a<\/p>\n<p>http:\/\/www.google.es\/policies\/privacy\/ads\/#toc-doubleclick y http:\/\/www.google.es\/policies\/privacy\/ads\/.<\/p>\n<h3 class=\"fusion-responsive-typography-calculated\" style=\"--fontsize: 36; line-height: 1.2;\" data-fontsize=\"36\" data-lineheight=\"43.2px\">\u00bfC\u00f3mo puedo desactivar las cookies en mi navegador?<\/h3>\n<p>Los diferentes navegadores pueden configurarse para avisar al usuario de la recepci\u00f3n de cookies y, si lo desea, impedir su instalaci\u00f3n en su equipo. Asimismo, el usuario puede revisar en su navegador qu\u00e9 cookies tiene instaladas y cu\u00e1l es el plazo de caducidad de las mismas, pudiendo eliminarlas.<\/p>\n<p>Para m\u00e1s informaci\u00f3n, consulte las instrucciones y manuales de su navegador:<\/p>\n<p><span style=\"color: var(--awb-text-color); font-family: var(--awb-text-font-family); font-size: var(--awb-font-size); font-style: var(--awb-text-font-style); font-weight: var(--awb-text-font-weight); letter-spacing: var(--awb-letter-spacing); text-align: var(--awb-content-alignment); text-transform: var(--awb-text-transform); background-color: var(--awb-bg-color-medium);\">Para m\u00e1s informaci\u00f3n sobre la gesti\u00f3n de cookies en Google Chrome: <\/span><a style=\"font-family: var(--awb-text-font-family); font-size: var(--awb-font-size); font-style: var(--awb-text-font-style); font-weight: var(--awb-text-font-weight); letter-spacing: var(--awb-letter-spacing); text-align: var(--awb-content-alignment); text-transform: var(--awb-text-transform); background-color: var(--awb-bg-color-medium);\" href=\"https:\/\/support.google.com\/chrome\/answer\/95647?hl=es\"><u>https:\/\/support.google.com\/chrome\/answer\/95647?hl=es<\/u><\/a><\/p>\n<p>Para m\u00e1s informaci\u00f3n sobre la gesti\u00f3n de cookies en Internet Explorer: <a href=\"http:\/\/windows.microsoft.com\/es-es\/windows-vista\/cookies-frequently-asked-questions\" target=\"_blank\" rel=\"noopener noreferrer\"><u>http:\/\/windows.microsoft.com\/es-es\/windows-vista\/cookies-frequently-asked-questions<\/u><\/a><\/p>\n<p>Para m\u00e1s informaci\u00f3n sobre la gesti\u00f3n de cookies en Mozilla Firefox: <a href=\"http:\/\/support.mozilla.org\/es\/kb\/habilitar-y-deshabilitar-cookies-que-los-sitios-we\" target=\"_blank\" rel=\"noopener noreferrer\"><u>http:\/\/support.mozilla.org\/es\/kb\/habilitar-y-deshabilitar-cookies-que-los-sitios-we<\/u><\/a><\/p>\n<p>Para m\u00e1s informaci\u00f3n sobre la gesti\u00f3n de cookies en Safari: <a href=\"http:\/\/www.apple.com\/es\/privacy\/use-of-cookies\/\" target=\"_blank\" rel=\"noopener noreferrer\"><u>http:\/\/www.apple.com\/es\/privacy\/use-of-cookies\/<\/u><\/a><\/p>\n<p>Para m\u00e1s informaci\u00f3n sobre la gesti\u00f3n de cookies en Opera: <u><a href=\"http:\/\/help.opera.com\/Windows\/11.50\/es-ES\/cookies.html\" target=\"_blank\" rel=\"noopener noreferrer\">http:\/\/help.opera.com\/Windows\/11.50\/es-ES\/cookies.html<\/a><\/u><\/p>\n<p>Si quieres dejar de ser rastreado por Google Analytics visita: <a href=\"http:\/\/tools.google.com\/dlpage\/gaoptout\" target=\"_blank\" rel=\"noopener noreferrer\"><u>http:\/\/tools.google.com\/dlpage\/gaoptout<\/u><\/a><\/p>\n<h3 class=\"fusion-responsive-typography-calculated\" style=\"--fontsize: 36; line-height: 1.2;\" data-fontsize=\"36\" data-lineheight=\"43.2px\">Para saber m\u00e1s sobre las cookies<\/h3>\n<p>Puede obtener m\u00e1s informaci\u00f3n sobre la publicidad online basada en el comportamiento y la privacidad online en el siguiente enlace: http:\/\/www.youronlinechoices.com\/es\/<\/p>\n<p>Protecci\u00f3n de datos de Google Analytics: http:\/\/www.google.com\/analytics\/learn\/privacy.html<\/p>\n<p>C\u00f3mo utiliza Google Analytics las cookies: https:\/\/developers.google.com\/analytics\/devguides\/collection\/analyticsjs\/cookie-usage?hl=es#analyticsjs<\/p>\n<h3 class=\"fusion-responsive-typography-calculated\" style=\"--fontsize: 36; line-height: 1.2;\" data-fontsize=\"36\" data-lineheight=\"43.2px\">Actualizaciones y cambios en la pol\u00edtica de privacidad \/ cookies<\/h3>\n<p>Los sitios web de Estefan\u00eda Baro Moreno pueden modificar esta Pol\u00edtica de Cookies en funci\u00f3n de exigencias legislativas, reglamentarias, o con la finalidad de adaptar dicha pol\u00edtica a las instrucciones dictadas por la Agencia Espa\u00f1ola de Protecci\u00f3n de Datos, por lo que se recomienda a los usuarios que la visiten peri\u00f3dicamente.<\/p>\n<p>Cuando se produzcan cambios significativos en esta Pol\u00edtica de Cookies, estos se comunicar\u00e1n a los usuarios bien a trav\u00e9s de la web o bien a trav\u00e9s de correo electr\u00f3nico a los usuarios registrados.<\/p>\n<\/div><\/div><\/div><\/div><\/div>\n","protected":false},"excerpt":{"rendered":"","protected":false},"author":1,"featured_media":0,"parent":0,"menu_order":0,"comment_status":"closed","ping_status":"closed","template":"","meta":{"footnotes":""},"class_list":["post-916","page","type-page","status-publish","hentry"],"yoast_head":"<!-- This site is optimized with the Yoast SEO plugin v25.5 - https:\/\/yoast.com\/wordpress\/plugins\/seo\/ -->\n<title>Pol\u00edtica de Cookies - Ohana Luxury Vacation<\/title>\n<meta name=\"robots\" content=\"index, follow, max-snippet:-1, max-image-preview:large, max-video-preview:-1\" \/>\n<link rel=\"canonical\" href=\"https:\/\/ohanaluxuryvacation.com\/es\/politica-de-cookies\/\" \/>\n<meta property=\"og:locale\" content=\"es_ES\" \/>\n<meta property=\"og:type\" content=\"article\" \/>\n<meta property=\"og:title\" content=\"Pol\u00edtica de Cookies - Ohana Luxury Vacation\" \/>\n<meta property=\"og:url\" content=\"https:\/\/ohanaluxuryvacation.com\/es\/politica-de-cookies\/\" \/>\n<meta property=\"og:site_name\" content=\"Ohana Luxury Vacation\" \/>\n<meta property=\"article:modified_time\" content=\"2023-10-05T15:45:08+00:00\" \/>\n<meta name=\"twitter:card\" content=\"summary_large_image\" \/>\n<meta name=\"twitter:label1\" content=\"Tiempo de lectura\" \/>\n\t<meta name=\"twitter:data1\" content=\"7 minutos\" \/>\n<script type=\"application\/ld+json\" class=\"yoast-schema-graph\">{\"@context\":\"https:\/\/schema.org\",\"@graph\":[{\"@type\":\"WebPage\",\"@id\":\"https:\/\/ohanaluxuryvacation.com\/es\/politica-de-cookies\/\",\"url\":\"https:\/\/ohanaluxuryvacation.com\/es\/politica-de-cookies\/\",\"name\":\"Pol\u00edtica de Cookies - Ohana Luxury Vacation\",\"isPartOf\":{\"@id\":\"https:\/\/ohanaluxuryvacation.com\/#website\"},\"datePublished\":\"2023-07-05T08:25:25+00:00\",\"dateModified\":\"2023-10-05T15:45:08+00:00\",\"breadcrumb\":{\"@id\":\"https:\/\/ohanaluxuryvacation.com\/es\/politica-de-cookies\/#breadcrumb\"},\"inLanguage\":\"es\",\"potentialAction\":[{\"@type\":\"ReadAction\",\"target\":[\"https:\/\/ohanaluxuryvacation.com\/es\/politica-de-cookies\/\"]}]},{\"@type\":\"BreadcrumbList\",\"@id\":\"https:\/\/ohanaluxuryvacation.com\/es\/politica-de-cookies\/#breadcrumb\",\"itemListElement\":[{\"@type\":\"ListItem\",\"position\":1,\"name\":\"Home\",\"item\":\"https:\/\/ohanaluxuryvacation.com\/es\/\"},{\"@type\":\"ListItem\",\"position\":2,\"name\":\"Pol\u00edtica de Cookies\"}]},{\"@type\":\"WebSite\",\"@id\":\"https:\/\/ohanaluxuryvacation.com\/#website\",\"url\":\"https:\/\/ohanaluxuryvacation.com\/\",\"name\":\"Ohana Luxury Vacation\",\"description\":\"Exclusive Property Rentals\",\"publisher\":{\"@id\":\"https:\/\/ohanaluxuryvacation.com\/#organization\"},\"potentialAction\":[{\"@type\":\"SearchAction\",\"target\":{\"@type\":\"EntryPoint\",\"urlTemplate\":\"https:\/\/ohanaluxuryvacation.com\/?s={search_term_string}\"},\"query-input\":{\"@type\":\"PropertyValueSpecification\",\"valueRequired\":true,\"valueName\":\"search_term_string\"}}],\"inLanguage\":\"es\"},{\"@type\":\"Organization\",\"@id\":\"https:\/\/ohanaluxuryvacation.com\/#organization\",\"name\":\"Ohana Luxury Vacation\",\"url\":\"https:\/\/ohanaluxuryvacation.com\/\",\"logo\":{\"@type\":\"ImageObject\",\"inLanguage\":\"es\",\"@id\":\"https:\/\/ohanaluxuryvacation.com\/#\/schema\/logo\/image\/\",\"url\":\"https:\/\/ohanaluxuryvacation.com\/wp-content\/uploads\/2023\/07\/Ohana-Logo-2.webp\",\"contentUrl\":\"https:\/\/ohanaluxuryvacation.com\/wp-content\/uploads\/2023\/07\/Ohana-Logo-2.webp\",\"width\":2249,\"height\":1931,\"caption\":\"Ohana Luxury Vacation\"},\"image\":{\"@id\":\"https:\/\/ohanaluxuryvacation.com\/#\/schema\/logo\/image\/\"},\"sameAs\":[\"https:\/\/www.instagram.com\/ohanabmluxury\/\"]}]}<\/script>\n<!-- \/ Yoast SEO plugin. -->","yoast_head_json":{"title":"Pol\u00edtica de Cookies - Ohana Luxury Vacation","robots":{"index":"index","follow":"follow","max-snippet":"max-snippet:-1","max-image-preview":"max-image-preview:large","max-video-preview":"max-video-preview:-1"},"canonical":"https:\/\/ohanaluxuryvacation.com\/es\/politica-de-cookies\/","og_locale":"es_ES","og_type":"article","og_title":"Pol\u00edtica de Cookies - Ohana Luxury Vacation","og_url":"https:\/\/ohanaluxuryvacation.com\/es\/politica-de-cookies\/","og_site_name":"Ohana Luxury Vacation","article_modified_time":"2023-10-05T15:45:08+00:00","twitter_card":"summary_large_image","twitter_misc":{"Tiempo de lectura":"7 minutos"},"schema":{"@context":"https:\/\/schema.org","@graph":[{"@type":"WebPage","@id":"https:\/\/ohanaluxuryvacation.com\/es\/politica-de-cookies\/","url":"https:\/\/ohanaluxuryvacation.com\/es\/politica-de-cookies\/","name":"Pol\u00edtica de Cookies - Ohana Luxury Vacation","isPartOf":{"@id":"https:\/\/ohanaluxuryvacation.com\/#website"},"datePublished":"2023-07-05T08:25:25+00:00","dateModified":"2023-10-05T15:45:08+00:00","breadcrumb":{"@id":"https:\/\/ohanaluxuryvacation.com\/es\/politica-de-cookies\/#breadcrumb"},"inLanguage":"es","potentialAction":[{"@type":"ReadAction","target":["https:\/\/ohanaluxuryvacation.com\/es\/politica-de-cookies\/"]}]},{"@type":"BreadcrumbList","@id":"https:\/\/ohanaluxuryvacation.com\/es\/politica-de-cookies\/#breadcrumb","itemListElement":[{"@type":"ListItem","position":1,"name":"Home","item":"https:\/\/ohanaluxuryvacation.com\/es\/"},{"@type":"ListItem","position":2,"name":"Pol\u00edtica de Cookies"}]},{"@type":"WebSite","@id":"https:\/\/ohanaluxuryvacation.com\/#website","url":"https:\/\/ohanaluxuryvacation.com\/","name":"Ohana Luxury Vacation","description":"Exclusive Property Rentals","publisher":{"@id":"https:\/\/ohanaluxuryvacation.com\/#organization"},"potentialAction":[{"@type":"SearchAction","target":{"@type":"EntryPoint","urlTemplate":"https:\/\/ohanaluxuryvacation.com\/?s={search_term_string}"},"query-input":{"@type":"PropertyValueSpecification","valueRequired":true,"valueName":"search_term_string"}}],"inLanguage":"es"},{"@type":"Organization","@id":"https:\/\/ohanaluxuryvacation.com\/#organization","name":"Ohana Luxury Vacation","url":"https:\/\/ohanaluxuryvacation.com\/","logo":{"@type":"ImageObject","inLanguage":"es","@id":"https:\/\/ohanaluxuryvacation.com\/#\/schema\/logo\/image\/","url":"https:\/\/ohanaluxuryvacation.com\/wp-content\/uploads\/2023\/07\/Ohana-Logo-2.webp","contentUrl":"https:\/\/ohanaluxuryvacation.com\/wp-content\/uploads\/2023\/07\/Ohana-Logo-2.webp","width":2249,"height":1931,"caption":"Ohana Luxury Vacation"},"image":{"@id":"https:\/\/ohanaluxuryvacation.com\/#\/schema\/logo\/image\/"},"sameAs":["https:\/\/www.instagram.com\/ohanabmluxury\/"]}]}},"jetpack_sharing_enabled":true,"_links":{"self":[{"href":"https:\/\/ohanaluxuryvacation.com\/es\/wp-json\/wp\/v2\/pages\/916","targetHints":{"allow":["GET"]}}],"collection":[{"href":"https:\/\/ohanaluxuryvacation.com\/es\/wp-json\/wp\/v2\/pages"}],"about":[{"href":"https:\/\/ohanaluxuryvacation.com\/es\/wp-json\/wp\/v2\/types\/page"}],"author":[{"embeddable":true,"href":"https:\/\/ohanaluxuryvacation.com\/es\/wp-json\/wp\/v2\/users\/1"}],"replies":[{"embeddable":true,"href":"https:\/\/ohanaluxuryvacation.com\/es\/wp-json\/wp\/v2\/comments?post=916"}],"version-history":[{"count":5,"href":"https:\/\/ohanaluxuryvacation.com\/es\/wp-json\/wp\/v2\/pages\/916\/revisions"}],"predecessor-version":[{"id":1085,"href":"https:\/\/ohanaluxuryvacation.com\/es\/wp-json\/wp\/v2\/pages\/916\/revisions\/1085"}],"wp:attachment":[{"href":"https:\/\/ohanaluxuryvacation.com\/es\/wp-json\/wp\/v2\/media?parent=916"}],"curies":[{"name":"wp","href":"https:\/\/api.w.org\/{rel}","templated":true}]}}