{"id":959,"date":"2023-07-05T08:46:32","date_gmt":"2023-07-05T08:46:32","guid":{"rendered":"https:\/\/ohanaluxuryvacation.com\/properties\/"},"modified":"2025-02-28T13:08:01","modified_gmt":"2025-02-28T13:08:01","slug":"propiedades","status":"publish","type":"page","link":"https:\/\/ohanaluxuryvacation.com\/es\/propiedades\/","title":{"rendered":"Propiedades"},"content":{"rendered":"<p><div class=\"fusion-fullwidth fullwidth-box fusion-builder-row-1 fusion-flex-container has-pattern-background has-mask-background fusion-parallax-none hundred-percent-fullwidth non-hundred-percent-height-scrolling fusion-no-medium-visibility fusion-no-large-visibility\" style=\"--awb-border-radius-top-left:0px;--awb-border-radius-top-right:0px;--awb-border-radius-bottom-right:0px;--awb-border-radius-bottom-left:0px;--awb-padding-top:6%;--awb-padding-right:20px;--awb-padding-bottom:5%;--awb-padding-left:20px;--awb-padding-top-small:70px;--awb-padding-bottom-small:70px;--awb-background-image:radial-gradient(circle at center center, rgba(0,0,0,0.5) 0%,rgba(0,0,0,0.07) 100%),url(https:\/\/ohanaluxuryvacation.com\/wp-content\/uploads\/2023\/07\/Villa-Spain.webp);;--awb-background-size:cover;\" ><div class=\"fusion-builder-row fusion-row fusion-flex-align-items-center fusion-flex-justify-content-center\" style=\"width:104% !important;max-width:104% !important;margin-left: calc(-4% \/ 2 );margin-right: calc(-4% \/ 2 );\"><div class=\"fusion-layout-column fusion_builder_column fusion-builder-column-0 fusion_builder_column_1_2 1_2 fusion-flex-column\" style=\"--awb-bg-size:cover;--awb-width-large:50%;--awb-margin-top-large:0px;--awb-spacing-right-large:0%;--awb-margin-bottom-large:0px;--awb-spacing-left-large:0%;--awb-width-medium:50%;--awb-order-medium:0;--awb-spacing-right-medium:0%;--awb-spacing-left-medium:0%;--awb-width-small:100%;--awb-order-small:0;--awb-spacing-right-small:1.92%;--awb-spacing-left-small:1.92%;\"><div class=\"fusion-column-wrapper fusion-column-has-shadow fusion-flex-justify-content-flex-start fusion-content-layout-column\"><div class=\"fusion-title title fusion-title-1 fusion-sep-none fusion-title-center fusion-title-text fusion-title-size-one\" style=\"--awb-text-color:var(--awb-color1);--awb-margin-right:8%;--awb-margin-left:8%;--awb-font-size:40px;\"><h1 class=\"title-heading-center\" style=\"margin:0;font-size:1em;text-transform:none;line-height:1;\">Propiedades exclusivas<\/h1><\/div><div class=\"fusion-text fusion-text-1\" style=\"--awb-content-alignment:center;--awb-text-color:var(--awb-color1);\"><p class=\"p1\">Nos centramos exclusivamente en las propiedades m\u00e1s sofisticadas y con las mejores ubicaciones.<\/p>\n<\/div><\/div><\/div><\/div><\/div><div class=\"fusion-fullwidth fullwidth-box fusion-builder-row-2 fusion-flex-container has-pattern-background has-mask-background fusion-parallax-none hundred-percent-fullwidth non-hundred-percent-height-scrolling fusion-no-small-visibility\" style=\"--awb-border-radius-top-left:0px;--awb-border-radius-top-right:0px;--awb-border-radius-bottom-right:0px;--awb-border-radius-bottom-left:0px;--awb-padding-top:6%;--awb-padding-right:20px;--awb-padding-bottom:5%;--awb-padding-left:20px;--awb-background-image:radial-gradient(circle at center center, rgba(0,0,0,0.44) 0%,rgba(0,0,0,0.07) 83%),url(https:\/\/ohanaluxuryvacation.com\/wp-content\/uploads\/2023\/07\/Villa-Spain.webp);;--awb-background-size:cover;\" ><div class=\"fusion-builder-row fusion-row fusion-flex-align-items-center fusion-flex-justify-content-center\" style=\"width:104% !important;max-width:104% !important;margin-left: calc(-4% \/ 2 );margin-right: calc(-4% \/ 2 );\"><div class=\"fusion-layout-column fusion_builder_column fusion-builder-column-1 fusion_builder_column_3_5 3_5 fusion-flex-column\" style=\"--awb-bg-size:cover;--awb-width-large:60%;--awb-margin-top-large:0px;--awb-spacing-right-large:0%;--awb-margin-bottom-large:0px;--awb-spacing-left-large:0%;--awb-width-medium:60%;--awb-order-medium:0;--awb-spacing-right-medium:0%;--awb-spacing-left-medium:0%;--awb-width-small:100%;--awb-order-small:0;--awb-spacing-right-small:1.92%;--awb-spacing-left-small:1.92%;\"><div class=\"fusion-column-wrapper fusion-column-has-shadow fusion-flex-justify-content-flex-start fusion-content-layout-column\"><div class=\"fusion-title title fusion-title-2 fusion-sep-none fusion-title-center fusion-title-text fusion-title-size-one\" style=\"--awb-text-color:var(--awb-color1);--awb-margin-right:8%;--awb-margin-left:8%;--awb-font-size:50px;\"><h1 class=\"title-heading-center\" style=\"margin:0;font-size:1em;text-transform:none;line-height:1;\">Propiedades exclusivas<\/h1><\/div><div class=\"fusion-text fusion-text-2\" style=\"--awb-content-alignment:center;--awb-text-color:var(--awb-color1);\"><p class=\"p1\">Nos centramos exclusivamente en las propiedades m\u00e1s sofisticadas y con las mejores ubicaciones.<\/p>\n<\/div><\/div><\/div><\/div><\/div><div class=\"fusion-fullwidth fullwidth-box fusion-builder-row-3 fusion-flex-container has-pattern-background has-mask-background nonhundred-percent-fullwidth non-hundred-percent-height-scrolling\" style=\"--awb-border-radius-top-left:0px;--awb-border-radius-top-right:0px;--awb-border-radius-bottom-right:0px;--awb-border-radius-bottom-left:0px;--awb-padding-top:100px;--awb-padding-bottom:70px;--awb-padding-top-small:69px;--awb-padding-bottom-small:0px;--awb-background-color:var(--awb-color1);\" ><div class=\"fusion-builder-row fusion-row fusion-flex-align-items-flex-start\" style=\"max-width:1248px;margin-left: calc(-4% \/ 2 );margin-right: calc(-4% \/ 2 );\"><div class=\"fusion-layout-column fusion_builder_column fusion-builder-column-2 fusion_builder_column_1_2 1_2 fusion-flex-column fusion-flex-align-self-stretch fusion-column-inner-bg-wrapper\" style=\"--awb-inner-bg-size:cover;--awb-filter:brightness(100%);--awb-filter-transition:filter 0.3s ease;--awb-filter-hover:brightness(90%);--awb-width-large:50%;--awb-margin-top-large:0px;--awb-spacing-right-large:3.84%;--awb-margin-bottom-large:50px;--awb-spacing-left-large:3.84%;--awb-width-medium:50%;--awb-order-medium:0;--awb-spacing-right-medium:3.84%;--awb-spacing-left-medium:3.84%;--awb-width-small:100%;--awb-order-small:0;--awb-spacing-right-small:1.92%;--awb-spacing-left-small:1.92%;\"><span class=\"fusion-column-inner-bg hover-type-none\"><a class=\"fusion-column-anchor\" href=\"https:\/\/ohanaluxuryvacation.com\/es\/propiedades\/villa-lario\/\"><span class=\"fusion-column-inner-bg-image\"><\/span><\/a><\/span><div class=\"fusion-column-wrapper fusion-column-has-shadow fusion-flex-justify-content-flex-start fusion-content-layout-column\"><div class=\"fusion-image-element \" style=\"--awb-margin-bottom:10px;--awb-caption-title-font-family:var(--h2_typography-font-family);--awb-caption-title-font-weight:var(--h2_typography-font-weight);--awb-caption-title-font-style:var(--h2_typography-font-style);--awb-caption-title-size:var(--h2_typography-font-size);--awb-caption-title-transform:var(--h2_typography-text-transform);--awb-caption-title-line-height:var(--h2_typography-line-height);--awb-caption-title-letter-spacing:var(--h2_typography-letter-spacing);\"><span class=\" fusion-imageframe imageframe-none imageframe-1 hover-type-none\" style=\"border-radius:10px;\" class=\"image-magnify\" class=\"image-scroll\"><img decoding=\"async\" width=\"1519\" height=\"1014\" title=\"Villa Lario\" src=\"https:\/\/ohanaluxuryvacation.com\/wp-content\/uploads\/2023\/07\/Villa-Lario.webp\" alt class=\"img-responsive wp-image-674\" srcset=\"https:\/\/ohanaluxuryvacation.com\/wp-content\/uploads\/2023\/07\/Villa-Lario-200x134.webp 200w, https:\/\/ohanaluxuryvacation.com\/wp-content\/uploads\/2023\/07\/Villa-Lario-400x267.webp 400w, https:\/\/ohanaluxuryvacation.com\/wp-content\/uploads\/2023\/07\/Villa-Lario-600x401.webp 600w, https:\/\/ohanaluxuryvacation.com\/wp-content\/uploads\/2023\/07\/Villa-Lario-768x513.webp 768w, https:\/\/ohanaluxuryvacation.com\/wp-content\/uploads\/2023\/07\/Villa-Lario-800x534.webp 800w, https:\/\/ohanaluxuryvacation.com\/wp-content\/uploads\/2023\/07\/Villa-Lario-1200x801.webp 1200w, https:\/\/ohanaluxuryvacation.com\/wp-content\/uploads\/2023\/07\/Villa-Lario.webp 1519w\" sizes=\"(max-width: 640px) 100vw, 600px\" \/><\/span><\/div><div class=\"fusion-title title fusion-title-3 fusion-sep-none fusion-title-text fusion-title-size-three\" style=\"--awb-margin-bottom:0px;--awb-margin-bottom-small:0px;\"><h3 class=\"title-heading-left\" style=\"margin:0;\">Villa Lario<\/h3><\/div><div class=\"fusion-title title fusion-title-4 fusion-sep-none fusion-title-text fusion-title-size-six\" style=\"--awb-font-size:13px;\"><h6 class=\"title-heading-left\" style=\"margin:0;font-size:1em;letter-spacing:1px;text-transform:uppercase;\">Benalm\u00c1dena, Torrequebrada<\/h6><\/div><div class=\"fusion-text fusion-text-3\"><p class=\"p1\">Esta acogedora villa familiar de lujo es ideal para unas vacaciones inolvidables. Vistas al mar y al campo de golf en todos los jardines y habitaciones.<\/p>\n<\/div><\/div><\/div><div class=\"fusion-layout-column fusion_builder_column fusion-builder-column-3 fusion_builder_column_1_2 1_2 fusion-flex-column fusion-flex-align-self-stretch fusion-column-inner-bg-wrapper\" style=\"--awb-inner-bg-size:cover;--awb-filter:brightness(100%);--awb-filter-transition:filter 0.3s ease;--awb-filter-hover:brightness(90%);--awb-width-large:50%;--awb-margin-top-large:0px;--awb-spacing-right-large:3.84%;--awb-margin-bottom-large:50px;--awb-spacing-left-large:3.84%;--awb-width-medium:50%;--awb-order-medium:0;--awb-spacing-right-medium:3.84%;--awb-spacing-left-medium:3.84%;--awb-width-small:100%;--awb-order-small:0;--awb-spacing-right-small:1.92%;--awb-spacing-left-small:1.92%;\"><span class=\"fusion-column-inner-bg hover-type-none\"><a class=\"fusion-column-anchor\" href=\"https:\/\/ohanaluxuryvacation.com\/es\/propiedades\/ohana-2\/\"><span class=\"fusion-column-inner-bg-image\"><\/span><\/a><\/span><div class=\"fusion-column-wrapper fusion-column-has-shadow fusion-flex-justify-content-flex-start fusion-content-layout-column\"><div class=\"fusion-image-element \" style=\"--awb-margin-bottom:10px;--awb-caption-title-font-family:var(--h2_typography-font-family);--awb-caption-title-font-weight:var(--h2_typography-font-weight);--awb-caption-title-font-style:var(--h2_typography-font-style);--awb-caption-title-size:var(--h2_typography-font-size);--awb-caption-title-transform:var(--h2_typography-text-transform);--awb-caption-title-line-height:var(--h2_typography-line-height);--awb-caption-title-letter-spacing:var(--h2_typography-letter-spacing);\"><span class=\" fusion-imageframe imageframe-none imageframe-2 hover-type-none\" style=\"border-radius:10px;\" class=\"image-magnify\" class=\"image-scroll\"><img decoding=\"async\" width=\"1519\" height=\"1014\" title=\"ohana 2 &#8211; 4\" src=\"https:\/\/ohanaluxuryvacation.com\/wp-content\/uploads\/2023\/07\/ohana-2-4.webp\" alt class=\"img-responsive wp-image-673\" srcset=\"https:\/\/ohanaluxuryvacation.com\/wp-content\/uploads\/2023\/07\/ohana-2-4-200x134.webp 200w, https:\/\/ohanaluxuryvacation.com\/wp-content\/uploads\/2023\/07\/ohana-2-4-400x267.webp 400w, https:\/\/ohanaluxuryvacation.com\/wp-content\/uploads\/2023\/07\/ohana-2-4-600x401.webp 600w, https:\/\/ohanaluxuryvacation.com\/wp-content\/uploads\/2023\/07\/ohana-2-4-768x513.webp 768w, https:\/\/ohanaluxuryvacation.com\/wp-content\/uploads\/2023\/07\/ohana-2-4-800x534.webp 800w, https:\/\/ohanaluxuryvacation.com\/wp-content\/uploads\/2023\/07\/ohana-2-4-1200x801.webp 1200w, https:\/\/ohanaluxuryvacation.com\/wp-content\/uploads\/2023\/07\/ohana-2-4.webp 1519w\" sizes=\"(max-width: 640px) 100vw, 600px\" \/><\/span><\/div><div class=\"fusion-title title fusion-title-5 fusion-sep-none fusion-title-text fusion-title-size-three\" style=\"--awb-margin-bottom:0px;--awb-margin-bottom-small:0px;\"><h3 class=\"title-heading-left\" style=\"margin:0;\">Ohana 2<\/h3><\/div><div class=\"fusion-title title fusion-title-6 fusion-sep-none fusion-title-text fusion-title-size-six\" style=\"--awb-font-size:13px;\"><h6 class=\"title-heading-left\" style=\"margin:0;font-size:1em;letter-spacing:1px;text-transform:uppercase;\"><p class=\"p1\">Guadalmar, Costa del Sol<\/p><\/h6><\/div><div class=\"fusion-text fusion-text-4\"><p class=\"p1\">Esta villa de lujo est\u00e1 perfectamente dise\u00f1ada para que familias y amigos disfruten del agradable clima del sur de Espa\u00f1a. Amplia piscina con zona de BBQ y ba\u00f1o completo exterior.<\/p>\n<\/div><\/div><\/div><div class=\"fusion-layout-column fusion_builder_column fusion-builder-column-4 fusion_builder_column_1_2 1_2 fusion-flex-column fusion-flex-align-self-stretch fusion-column-inner-bg-wrapper\" style=\"--awb-inner-bg-size:cover;--awb-filter:brightness(100%);--awb-filter-transition:filter 0.3s ease;--awb-filter-hover:brightness(90%);--awb-width-large:50%;--awb-margin-top-large:0px;--awb-spacing-right-large:3.84%;--awb-margin-bottom-large:50px;--awb-spacing-left-large:3.84%;--awb-width-medium:50%;--awb-order-medium:0;--awb-spacing-right-medium:3.84%;--awb-spacing-left-medium:3.84%;--awb-width-small:100%;--awb-order-small:0;--awb-spacing-right-small:1.92%;--awb-spacing-left-small:1.92%;\"><span class=\"fusion-column-inner-bg hover-type-none\"><a class=\"fusion-column-anchor\" href=\"https:\/\/ohanaluxuryvacation.com\/es\/propiedades\/ohana-1\/\"><span class=\"fusion-column-inner-bg-image\"><\/span><\/a><\/span><div class=\"fusion-column-wrapper fusion-column-has-shadow fusion-flex-justify-content-flex-start fusion-content-layout-column\"><div class=\"fusion-image-element \" style=\"--awb-margin-bottom:10px;--awb-caption-title-font-family:var(--h2_typography-font-family);--awb-caption-title-font-weight:var(--h2_typography-font-weight);--awb-caption-title-font-style:var(--h2_typography-font-style);--awb-caption-title-size:var(--h2_typography-font-size);--awb-caption-title-transform:var(--h2_typography-text-transform);--awb-caption-title-line-height:var(--h2_typography-line-height);--awb-caption-title-letter-spacing:var(--h2_typography-letter-spacing);\"><span class=\" fusion-imageframe imageframe-none imageframe-3 hover-type-none\" style=\"border-radius:10px;\" class=\"image-magnify\" class=\"image-scroll\"><img decoding=\"async\" width=\"1519\" height=\"1014\" title=\"Ohana 1 (1)\" src=\"https:\/\/ohanaluxuryvacation.com\/wp-content\/uploads\/2023\/07\/Ohana-1-1.webp\" alt class=\"img-responsive wp-image-689\" srcset=\"https:\/\/ohanaluxuryvacation.com\/wp-content\/uploads\/2023\/07\/Ohana-1-1-200x134.webp 200w, https:\/\/ohanaluxuryvacation.com\/wp-content\/uploads\/2023\/07\/Ohana-1-1-400x267.webp 400w, https:\/\/ohanaluxuryvacation.com\/wp-content\/uploads\/2023\/07\/Ohana-1-1-600x401.webp 600w, https:\/\/ohanaluxuryvacation.com\/wp-content\/uploads\/2023\/07\/Ohana-1-1-768x513.webp 768w, https:\/\/ohanaluxuryvacation.com\/wp-content\/uploads\/2023\/07\/Ohana-1-1-800x534.webp 800w, https:\/\/ohanaluxuryvacation.com\/wp-content\/uploads\/2023\/07\/Ohana-1-1-1200x801.webp 1200w, https:\/\/ohanaluxuryvacation.com\/wp-content\/uploads\/2023\/07\/Ohana-1-1.webp 1519w\" sizes=\"(max-width: 640px) 100vw, 600px\" \/><\/span><\/div><div class=\"fusion-title title fusion-title-7 fusion-sep-none fusion-title-text fusion-title-size-three\" style=\"--awb-margin-bottom:0px;--awb-margin-bottom-small:0px;\"><h3 class=\"title-heading-left\" style=\"margin:0;\">Ohana 1<\/h3><\/div><div class=\"fusion-title title fusion-title-8 fusion-sep-none fusion-title-text fusion-title-size-six\" style=\"--awb-font-size:13px;\"><h6 class=\"title-heading-left\" style=\"margin:0;font-size:1em;letter-spacing:1px;text-transform:uppercase;\"><p class=\"p1\">Guadalmar, Costa del Sol<\/p><\/h6><\/div><div class=\"fusion-text fusion-text-5\"><p class=\"p1\">Esta tradicional villa de lujo est\u00e1 perfectamente dise\u00f1ada para que familias y amigos disfruten de sus inmensos jardines y piscina durante todo el a\u00f1o.<\/p>\n<\/div><\/div><\/div><div class=\"fusion-layout-column fusion_builder_column fusion-builder-column-5 fusion_builder_column_1_2 1_2 fusion-flex-column fusion-flex-align-self-stretch fusion-column-inner-bg-wrapper\" style=\"--awb-inner-bg-size:cover;--awb-filter:brightness(100%);--awb-filter-transition:filter 0.3s ease;--awb-filter-hover:brightness(90%);--awb-width-large:50%;--awb-margin-top-large:0px;--awb-spacing-right-large:3.84%;--awb-margin-bottom-large:50px;--awb-spacing-left-large:3.84%;--awb-width-medium:50%;--awb-order-medium:0;--awb-spacing-right-medium:3.84%;--awb-spacing-left-medium:3.84%;--awb-width-small:100%;--awb-order-small:0;--awb-spacing-right-small:1.92%;--awb-spacing-left-small:1.92%;\"><span class=\"fusion-column-inner-bg hover-type-none\"><a class=\"fusion-column-anchor\" href=\"https:\/\/ohanaluxuryvacation.com\/es\/propiedades\/atico-marbella\/\"><span class=\"fusion-column-inner-bg-image\"><\/span><\/a><\/span><div class=\"fusion-column-wrapper fusion-column-has-shadow fusion-flex-justify-content-flex-start fusion-content-layout-column\"><div class=\"fusion-image-element \" style=\"--awb-margin-bottom:10px;--awb-caption-title-font-family:var(--h2_typography-font-family);--awb-caption-title-font-weight:var(--h2_typography-font-weight);--awb-caption-title-font-style:var(--h2_typography-font-style);--awb-caption-title-size:var(--h2_typography-font-size);--awb-caption-title-transform:var(--h2_typography-text-transform);--awb-caption-title-line-height:var(--h2_typography-line-height);--awb-caption-title-letter-spacing:var(--h2_typography-letter-spacing);\"><span class=\" fusion-imageframe imageframe-none imageframe-4 hover-type-none\" style=\"border-radius:10px;\" class=\"image-magnify\" class=\"image-scroll\"><img decoding=\"async\" width=\"1519\" height=\"1014\" title=\"A\u0301tico Marbella\" src=\"https:\/\/ohanaluxuryvacation.com\/wp-content\/uploads\/2023\/08\/Atico-Marbella.webp\" alt class=\"img-responsive wp-image-852\" srcset=\"https:\/\/ohanaluxuryvacation.com\/wp-content\/uploads\/2023\/08\/Atico-Marbella-200x134.webp 200w, https:\/\/ohanaluxuryvacation.com\/wp-content\/uploads\/2023\/08\/Atico-Marbella-400x267.webp 400w, https:\/\/ohanaluxuryvacation.com\/wp-content\/uploads\/2023\/08\/Atico-Marbella-600x401.webp 600w, https:\/\/ohanaluxuryvacation.com\/wp-content\/uploads\/2023\/08\/Atico-Marbella-768x513.webp 768w, https:\/\/ohanaluxuryvacation.com\/wp-content\/uploads\/2023\/08\/Atico-Marbella-800x534.webp 800w, https:\/\/ohanaluxuryvacation.com\/wp-content\/uploads\/2023\/08\/Atico-Marbella-1200x801.webp 1200w, https:\/\/ohanaluxuryvacation.com\/wp-content\/uploads\/2023\/08\/Atico-Marbella.webp 1519w\" sizes=\"(max-width: 640px) 100vw, 600px\" \/><\/span><\/div><div class=\"fusion-title title fusion-title-9 fusion-sep-none fusion-title-text fusion-title-size-three\" style=\"--awb-margin-bottom:0px;--awb-margin-bottom-small:0px;\"><h3 class=\"title-heading-left\" style=\"margin:0;\">\u00c1tico Marbella<\/h3><\/div><div class=\"fusion-title title fusion-title-10 fusion-sep-none fusion-title-text fusion-title-size-six\" style=\"--awb-font-size:13px;\"><h6 class=\"title-heading-left\" style=\"margin:0;font-size:1em;letter-spacing:1px;text-transform:uppercase;\">MILLA DE ORO, MARBELLA<\/h6><\/div><div class=\"fusion-text fusion-text-6\"><p class=\"p1\">Radiante \u00e1tico de 2 plantas en la zona m\u00e1s exclusiva de Marbella, junto a Puente Romano, acabados en materiales de m\u00e1xima calidad y decorado con mucho gusto.<\/p>\n<\/div><\/div><\/div><\/div><\/div><\/p>\n","protected":false},"excerpt":{"rendered":"","protected":false},"author":1,"featured_media":0,"parent":0,"menu_order":0,"comment_status":"closed","ping_status":"closed","template":"100-width.php","meta":{"footnotes":""},"class_list":["post-959","page","type-page","status-publish","hentry"],"yoast_head":"<!-- This site is optimized with the Yoast SEO plugin v25.5 - https:\/\/yoast.com\/wordpress\/plugins\/seo\/ -->\n<title>Propiedades - Ohana Luxury Vacation<\/title>\n<meta name=\"description\" content=\"Discover the epitome of luxury with Ohana Luxury Vacation properties located in the most sought-after locations of Costa del Sol.\" \/>\n<meta name=\"robots\" content=\"index, follow, max-snippet:-1, max-image-preview:large, max-video-preview:-1\" \/>\n<link rel=\"canonical\" href=\"https:\/\/ohanaluxuryvacation.com\/es\/propiedades\/\" \/>\n<meta property=\"og:locale\" content=\"es_ES\" \/>\n<meta property=\"og:type\" content=\"article\" \/>\n<meta property=\"og:title\" content=\"Propiedades - Ohana Luxury Vacation\" \/>\n<meta property=\"og:description\" content=\"Discover the epitome of luxury with Ohana Luxury Vacation properties located in the most sought-after locations of Costa del Sol.\" \/>\n<meta property=\"og:url\" content=\"https:\/\/ohanaluxuryvacation.com\/es\/propiedades\/\" \/>\n<meta property=\"og:site_name\" content=\"Ohana Luxury Vacation\" \/>\n<meta property=\"article:modified_time\" content=\"2025-02-28T13:08:01+00:00\" \/>\n<meta name=\"twitter:card\" content=\"summary_large_image\" \/>\n<meta name=\"twitter:label1\" content=\"Tiempo de lectura\" \/>\n\t<meta name=\"twitter:data1\" content=\"7 minutos\" \/>\n<script type=\"application\/ld+json\" class=\"yoast-schema-graph\">{\"@context\":\"https:\/\/schema.org\",\"@graph\":[{\"@type\":\"WebPage\",\"@id\":\"https:\/\/ohanaluxuryvacation.com\/es\/propiedades\/\",\"url\":\"https:\/\/ohanaluxuryvacation.com\/es\/propiedades\/\",\"name\":\"Propiedades - Ohana Luxury Vacation\",\"isPartOf\":{\"@id\":\"https:\/\/ohanaluxuryvacation.com\/#website\"},\"datePublished\":\"2023-07-05T08:46:32+00:00\",\"dateModified\":\"2025-02-28T13:08:01+00:00\",\"description\":\"Discover the epitome of luxury with Ohana Luxury Vacation properties located in the most sought-after locations of Costa del Sol.\",\"breadcrumb\":{\"@id\":\"https:\/\/ohanaluxuryvacation.com\/es\/propiedades\/#breadcrumb\"},\"inLanguage\":\"es\",\"potentialAction\":[{\"@type\":\"ReadAction\",\"target\":[\"https:\/\/ohanaluxuryvacation.com\/es\/propiedades\/\"]}]},{\"@type\":\"BreadcrumbList\",\"@id\":\"https:\/\/ohanaluxuryvacation.com\/es\/propiedades\/#breadcrumb\",\"itemListElement\":[{\"@type\":\"ListItem\",\"position\":1,\"name\":\"Home\",\"item\":\"https:\/\/ohanaluxuryvacation.com\/es\/\"},{\"@type\":\"ListItem\",\"position\":2,\"name\":\"Propiedades\"}]},{\"@type\":\"WebSite\",\"@id\":\"https:\/\/ohanaluxuryvacation.com\/#website\",\"url\":\"https:\/\/ohanaluxuryvacation.com\/\",\"name\":\"Ohana Luxury Vacation\",\"description\":\"Exclusive Property Rentals\",\"publisher\":{\"@id\":\"https:\/\/ohanaluxuryvacation.com\/#organization\"},\"potentialAction\":[{\"@type\":\"SearchAction\",\"target\":{\"@type\":\"EntryPoint\",\"urlTemplate\":\"https:\/\/ohanaluxuryvacation.com\/?s={search_term_string}\"},\"query-input\":{\"@type\":\"PropertyValueSpecification\",\"valueRequired\":true,\"valueName\":\"search_term_string\"}}],\"inLanguage\":\"es\"},{\"@type\":\"Organization\",\"@id\":\"https:\/\/ohanaluxuryvacation.com\/#organization\",\"name\":\"Ohana Luxury Vacation\",\"url\":\"https:\/\/ohanaluxuryvacation.com\/\",\"logo\":{\"@type\":\"ImageObject\",\"inLanguage\":\"es\",\"@id\":\"https:\/\/ohanaluxuryvacation.com\/#\/schema\/logo\/image\/\",\"url\":\"https:\/\/ohanaluxuryvacation.com\/wp-content\/uploads\/2023\/07\/Ohana-Logo-2.webp\",\"contentUrl\":\"https:\/\/ohanaluxuryvacation.com\/wp-content\/uploads\/2023\/07\/Ohana-Logo-2.webp\",\"width\":2249,\"height\":1931,\"caption\":\"Ohana Luxury Vacation\"},\"image\":{\"@id\":\"https:\/\/ohanaluxuryvacation.com\/#\/schema\/logo\/image\/\"},\"sameAs\":[\"https:\/\/www.instagram.com\/ohanabmluxury\/\"]}]}<\/script>\n<!-- \/ Yoast SEO plugin. -->","yoast_head_json":{"title":"Propiedades - Ohana Luxury Vacation","description":"Discover the epitome of luxury with Ohana Luxury Vacation properties located in the most sought-after locations of Costa del Sol.","robots":{"index":"index","follow":"follow","max-snippet":"max-snippet:-1","max-image-preview":"max-image-preview:large","max-video-preview":"max-video-preview:-1"},"canonical":"https:\/\/ohanaluxuryvacation.com\/es\/propiedades\/","og_locale":"es_ES","og_type":"article","og_title":"Propiedades - Ohana Luxury Vacation","og_description":"Discover the epitome of luxury with Ohana Luxury Vacation properties located in the most sought-after locations of Costa del Sol.","og_url":"https:\/\/ohanaluxuryvacation.com\/es\/propiedades\/","og_site_name":"Ohana Luxury Vacation","article_modified_time":"2025-02-28T13:08:01+00:00","twitter_card":"summary_large_image","twitter_misc":{"Tiempo de lectura":"7 minutos"},"schema":{"@context":"https:\/\/schema.org","@graph":[{"@type":"WebPage","@id":"https:\/\/ohanaluxuryvacation.com\/es\/propiedades\/","url":"https:\/\/ohanaluxuryvacation.com\/es\/propiedades\/","name":"Propiedades - Ohana Luxury Vacation","isPartOf":{"@id":"https:\/\/ohanaluxuryvacation.com\/#website"},"datePublished":"2023-07-05T08:46:32+00:00","dateModified":"2025-02-28T13:08:01+00:00","description":"Discover the epitome of luxury with Ohana Luxury Vacation properties located in the most sought-after locations of Costa del Sol.","breadcrumb":{"@id":"https:\/\/ohanaluxuryvacation.com\/es\/propiedades\/#breadcrumb"},"inLanguage":"es","potentialAction":[{"@type":"ReadAction","target":["https:\/\/ohanaluxuryvacation.com\/es\/propiedades\/"]}]},{"@type":"BreadcrumbList","@id":"https:\/\/ohanaluxuryvacation.com\/es\/propiedades\/#breadcrumb","itemListElement":[{"@type":"ListItem","position":1,"name":"Home","item":"https:\/\/ohanaluxuryvacation.com\/es\/"},{"@type":"ListItem","position":2,"name":"Propiedades"}]},{"@type":"WebSite","@id":"https:\/\/ohanaluxuryvacation.com\/#website","url":"https:\/\/ohanaluxuryvacation.com\/","name":"Ohana Luxury Vacation","description":"Exclusive Property Rentals","publisher":{"@id":"https:\/\/ohanaluxuryvacation.com\/#organization"},"potentialAction":[{"@type":"SearchAction","target":{"@type":"EntryPoint","urlTemplate":"https:\/\/ohanaluxuryvacation.com\/?s={search_term_string}"},"query-input":{"@type":"PropertyValueSpecification","valueRequired":true,"valueName":"search_term_string"}}],"inLanguage":"es"},{"@type":"Organization","@id":"https:\/\/ohanaluxuryvacation.com\/#organization","name":"Ohana Luxury Vacation","url":"https:\/\/ohanaluxuryvacation.com\/","logo":{"@type":"ImageObject","inLanguage":"es","@id":"https:\/\/ohanaluxuryvacation.com\/#\/schema\/logo\/image\/","url":"https:\/\/ohanaluxuryvacation.com\/wp-content\/uploads\/2023\/07\/Ohana-Logo-2.webp","contentUrl":"https:\/\/ohanaluxuryvacation.com\/wp-content\/uploads\/2023\/07\/Ohana-Logo-2.webp","width":2249,"height":1931,"caption":"Ohana Luxury Vacation"},"image":{"@id":"https:\/\/ohanaluxuryvacation.com\/#\/schema\/logo\/image\/"},"sameAs":["https:\/\/www.instagram.com\/ohanabmluxury\/"]}]}},"jetpack_sharing_enabled":true,"_links":{"self":[{"href":"https:\/\/ohanaluxuryvacation.com\/es\/wp-json\/wp\/v2\/pages\/959","targetHints":{"allow":["GET"]}}],"collection":[{"href":"https:\/\/ohanaluxuryvacation.com\/es\/wp-json\/wp\/v2\/pages"}],"about":[{"href":"https:\/\/ohanaluxuryvacation.com\/es\/wp-json\/wp\/v2\/types\/page"}],"author":[{"embeddable":true,"href":"https:\/\/ohanaluxuryvacation.com\/es\/wp-json\/wp\/v2\/users\/1"}],"replies":[{"embeddable":true,"href":"https:\/\/ohanaluxuryvacation.com\/es\/wp-json\/wp\/v2\/comments?post=959"}],"version-history":[{"count":20,"href":"https:\/\/ohanaluxuryvacation.com\/es\/wp-json\/wp\/v2\/pages\/959\/revisions"}],"predecessor-version":[{"id":1200,"href":"https:\/\/ohanaluxuryvacation.com\/es\/wp-json\/wp\/v2\/pages\/959\/revisions\/1200"}],"wp:attachment":[{"href":"https:\/\/ohanaluxuryvacation.com\/es\/wp-json\/wp\/v2\/media?parent=959"}],"curies":[{"name":"wp","href":"https:\/\/api.w.org\/{rel}","templated":true}]}}